{"id":279,"date":"2021-05-24T21:17:55","date_gmt":"2021-05-25T00:17:55","guid":{"rendered":"https:\/\/www.safetyandsecurity.cl\/land\/?page_id=279"},"modified":"2021-06-25T12:05:12","modified_gmt":"2021-06-25T15:05:12","slug":"capacitaciones","status":"publish","type":"page","link":"https:\/\/www.safetyandsecurity.cl\/land\/capacitaciones\/","title":{"rendered":"Capacitaciones"},"content":{"rendered":"<p>[et_pb_section fb_built=\u00bb1&#8243; _builder_version=\u00bb4.4.8&#8243; custom_padding=\u00bb227px|||||\u00bb][et_pb_row column_structure=\u00bb1_3,2_3&#8243; _builder_version=\u00bb4.4.8&#8243; custom_margin=\u00bb-81px|auto||auto||\u00bb custom_padding=\u00bb0px||9px|||\u00bb][et_pb_column type=\u00bb1_3&#8243; _builder_version=\u00bb4.4.8&#8243;][et_pb_image src=\u00bbhttps:\/\/www.safetyandsecurity.cl\/land\/wp-content\/uploads\/2021\/05\/LOGOS_TODOS-03.png\u00bb title_text=\u00bbLOGOS_TODOS-03&#8243; _builder_version=\u00bb4.4.8&#8243;][\/et_pb_image][\/et_pb_column][et_pb_column type=\u00bb2_3&#8243; _builder_version=\u00bb4.4.8&#8243;][et_pb_text _builder_version=\u00bb4.4.8&#8243; custom_margin=\u00bb44px|||||\u00bb]<\/p>\n<p><strong>Safety and Security Capacitaciones<\/strong> provee servicios acad\u00e9micos de formaci\u00f3n y capacitaci\u00f3n de personas en los \u00e1mbitos del Safety, Security y del Envioronmental Pollution.\u00a0  <\/p>\n<p>[\/et_pb_text][et_pb_text _builder_version=\u00bb4.4.8&#8243;]<\/p>\n<h3><strong>Cursos Cerrados a Empresas<\/strong><\/h3>\n<p><strong>Safety and Security Capacitaciones<\/strong> efect\u00faa cursos de capacitaci\u00f3n asincr\u00f3nicos online a trav\u00e9s de su Plataforma E-learning y cursos sincr\u00f3nicos a trav\u00e9s de la Plataforma Zoom Pro a la medida de los requerimientos de su empresa, lo que implica una adaptaci\u00f3n a sus necesidades por completo, ya sea por factores de tiempo disponible de su personal, de trabajos por turnos u otros factores relacionados, contando para ello con una programaci\u00f3n flexible y otorgando los elementos de apoyo adecuados para adaptarse a dicha ocasi\u00f3n, logrando dar soluci\u00f3n integral a sus requerimientos de capacitaci\u00f3n. <\/p>\n<p>[\/et_pb_text][\/et_pb_column][\/et_pb_row][et_pb_row column_structure=\u00bb1_2,1_2&#8243; _builder_version=\u00bb4.4.8&#8243;][et_pb_column type=\u00bb1_2&#8243; _builder_version=\u00bb4.4.8&#8243;][et_pb_text _builder_version=\u00bb4.4.8&#8243; custom_margin=\u00bb||40px|||\u00bb custom_padding=\u00bb||54px|||\u00bb]<\/p>\n<h3><strong>Cursos Abiertos <\/strong><\/h3>\n<p><strong>Safety and Security Capacitaciones<\/strong> efect\u00faa cursos abiertos a toda empresa o p\u00fablico en general que cumpla los requisitos de ingreso m\u00ednimo exigidos para cada uno de ellos.<\/p>\n<p> Estos cursos usted los encontrar\u00e1 en el campo\u00a0<a href=\"about:blank\"><strong><em>Pr\u00f3ximos Cursos<\/em><\/strong><\/a>\u00a0y para ello s\u00f3lo complete el\u00a0<a href=\"about:blank\"><strong><em>Formulario de Inscripci\u00f3n<\/em><\/strong><\/a>\u00a0y lo contactaremos.<\/p>\n<p>[\/et_pb_text][et_pb_text _builder_version=\u00bb4.4.8&#8243;]<\/p>\n<h3><strong>Cursos de Capacitaci\u00f3n<\/strong><\/h3>\n<p>1.- Curso OMI 4.02 Operador primera respuesta (OPRC Nivel 1)<\/p>\n<p>2.- Curso OMI 4.03 Supervisor\/Jefe en el lugar del derrame(OPRC Nivel 2)<\/p>\n<p>3.- Curso OMI 4.04 Administrador\/Gerente Senior (OPRC Nivel 3)<\/p>\n<p>4.- Curso OMI 1.10 Cargas peligrosas, potencialmente peligrosas y perjudiciales para la Gente de Mar.<\/p>\n<p><span>5.- Curso OMI de Familiarizaci\u00f3n en Mercanc\u00edas Peligrosas para el Personal de Tierra Nivel 1.<\/span><\/p>\n<p><span>6.- Curso OMI de Familiarizaci\u00f3n en Mercanc\u00edas Peligrosas para el Personal de Tierra Nivel 2.<br \/><\/span><br \/> 7.- Curso preparaci\u00f3n para Patr\u00f3n de Nave Menor.<\/p>\n<p>8.- Curso preparaci\u00f3n para Operador Radiotelefonista Restringido VHF.<\/p>\n<p>[\/et_pb_text][\/et_pb_column][et_pb_column type=\u00bb1_2&#8243; _builder_version=\u00bb4.4.8&#8243;][et_pb_text _builder_version=\u00bb4.4.8&#8243;]<\/p>\n<h3><strong>Cursos de Formaci\u00f3n<\/strong><\/h3>\n<p>1.- Cursos de formaci\u00f3n de Trabajadores Portuarios:<\/p>\n<ul>\n<li>B\u00e1sico de Seguridad en Faenas Portuarias.<\/li>\n<li>Actualizaci\u00f3n en Faenas Portuarias.<\/li>\n<\/ul>\n<p>2.- Cursos de formaci\u00f3n en Protecci\u00f3n Mar\u00edtima:<\/p>\n<p><span>\u00a0\u00a0\u00a0\u00a0\u00a0\u00a0\u00a0 &#8211;\u00a0\u00a0 Curso OMI 3.19 Oficial de Protecci\u00f3n del Buque, OPB (C\u00f3digo PBIP).<\/span><br \/> <span>\u00a0\u00a0\u00a0\u00a0\u00a0\u00a0\u00a0 &#8211; \u00a0\u00a0Curso OMI 3.20 Oficial de la Compa\u00f1\u00eda para la Protecci\u00f3n Mar\u00edtima, OPCM (C\u00f3digo PBIP).<\/span><\/p>\n<p><span>\u00a0\u00a0\u00a0\u00a0\u00a0\u00a0\u00a0 &#8211;\u00a0\u00a0 Curso OMI 3.21 Oficial de Protecci\u00f3n de la Instalaci\u00f3n Portuaria, OPIP (C\u00f3digo PBIP).<\/span><\/p>\n<p><span>\u00a0\u00a0\u00a0\u00a0\u00a0\u00a0\u00a0 &#8211;\u00a0\u00a0 <\/span>Curso OMI 3.24 Formaci\u00f3n en sensibilizaci\u00f3n sobre protecci\u00f3n para el personal de la instalaci\u00f3n\u00a0portuaria con tareas espec\u00edficas de protecci\u00f3n.<\/p>\n<p>\u00a0\u00a0\u00a0\u00a0\u00a0\u00a0\u00a0 &#8211;\u00a0\u00a0 Curso OMI 3.25 Formaci\u00f3n en sensibilizaci\u00f3n sobre protecci\u00f3n para todo el personal de la instalaci\u00f3n portuaria.<\/p>\n<p>\u00a0\u00a0\u00a0\u00a0\u00a0\u00a0\u00a0 &#8211;\u00a0\u00a0 Curso OMI 3.26 Formaci\u00f3n en sensibilizaci\u00f3n sobre protecci\u00f3n para la Gente de Mar que tenga\u00a0<span style=\"font-size: 14px;\">asignadas tareas de protecci\u00f3n.<\/span><\/p>\n<p>&#8211;\u00a0\u00a0 Curso OMI 3.27 Formaci\u00f3n en sensibilizaci\u00f3n sobre protecci\u00f3n para toda la Gente de Mar.<\/p>\n<p>3.- Curso de formaci\u00f3n de Mooring y Loading Master para el trasiego de carga l\u00edquida y gaseosa a granel.<\/p>\n<p>4.- Curso de formaci\u00f3n de Loading Master para trasiego y almacenamiento de carga s\u00f3lida seca a granel.<\/p>\n<p>[\/et_pb_text][\/et_pb_column][\/et_pb_row][\/et_pb_section]<\/p>\n","protected":false},"excerpt":{"rendered":"<p>[et_pb_section fb_built=\u00bb1&#8243; _builder_version=\u00bb4.4.8&#8243; custom_padding=\u00bb227px|||||\u00bb][et_pb_row column_structure=\u00bb1_3,2_3&#8243; _builder_version=\u00bb4.4.8&#8243; custom_margin=\u00bb-81px|auto||auto||\u00bb custom_padding=\u00bb0px||9px|||\u00bb][et_pb_column type=\u00bb1_3&#8243; _builder_version=\u00bb4.4.8&#8243;][et_pb_image src=\u00bbhttps:\/\/www.safetyandsecurity.cl\/land\/wp-content\/uploads\/2021\/05\/LOGOS_TODOS-03.png\u00bb title_text=\u00bbLOGOS_TODOS-03&#8243; _builder_version=\u00bb4.4.8&#8243;][\/et_pb_image][\/et_pb_column][et_pb_column type=\u00bb2_3&#8243; _builder_version=\u00bb4.4.8&#8243;][et_pb_text _builder_version=\u00bb4.4.8&#8243; custom_margin=\u00bb44px|||||\u00bb] Safety and Security Capacitaciones provee servicios acad\u00e9micos de formaci\u00f3n y capacitaci\u00f3n de personas en los \u00e1mbitos del Safety, Security y del Envioronmental Pollution.\u00a0 [\/et_pb_text][et_pb_text _builder_version=\u00bb4.4.8&#8243;] Cursos Cerrados a Empresas Safety and Security Capacitaciones efect\u00faa cursos de capacitaci\u00f3n asincr\u00f3nicos [&hellip;]<\/p>\n","protected":false},"author":1,"featured_media":0,"parent":0,"menu_order":0,"comment_status":"closed","ping_status":"closed","template":"","meta":{"_et_pb_use_builder":"on","_et_pb_old_content":"","_et_gb_content_width":""},"_links":{"self":[{"href":"https:\/\/www.safetyandsecurity.cl\/land\/wp-json\/wp\/v2\/pages\/279"}],"collection":[{"href":"https:\/\/www.safetyandsecurity.cl\/land\/wp-json\/wp\/v2\/pages"}],"about":[{"href":"https:\/\/www.safetyandsecurity.cl\/land\/wp-json\/wp\/v2\/types\/page"}],"author":[{"embeddable":true,"href":"https:\/\/www.safetyandsecurity.cl\/land\/wp-json\/wp\/v2\/users\/1"}],"replies":[{"embeddable":true,"href":"https:\/\/www.safetyandsecurity.cl\/land\/wp-json\/wp\/v2\/comments?post=279"}],"version-history":[{"count":20,"href":"https:\/\/www.safetyandsecurity.cl\/land\/wp-json\/wp\/v2\/pages\/279\/revisions"}],"predecessor-version":[{"id":539,"href":"https:\/\/www.safetyandsecurity.cl\/land\/wp-json\/wp\/v2\/pages\/279\/revisions\/539"}],"wp:attachment":[{"href":"https:\/\/www.safetyandsecurity.cl\/land\/wp-json\/wp\/v2\/media?parent=279"}],"curies":[{"name":"wp","href":"https:\/\/api.w.org\/{rel}","templated":true}]}}