{"id":283,"date":"2021-05-24T21:19:51","date_gmt":"2021-05-25T00:19:51","guid":{"rendered":"https:\/\/www.safetyandsecurity.cl\/land\/?page_id=283"},"modified":"2021-06-25T12:05:33","modified_gmt":"2021-06-25T15:05:33","slug":"clean-marine","status":"publish","type":"page","link":"https:\/\/www.safetyandsecurity.cl\/land\/clean-marine\/","title":{"rendered":"Clean Marine"},"content":{"rendered":"<p>[et_pb_section fb_built=\u00bb1&#8243; _builder_version=\u00bb4.4.8&#8243; custom_padding=\u00bb236px|||||\u00bb][et_pb_row column_structure=\u00bb1_3,2_3&#8243; _builder_version=\u00bb4.4.8&#8243; min_height=\u00bb360.4px\u00bb custom_margin=\u00bb-1px|auto||auto||\u00bb custom_padding=\u00bb0px|||||\u00bb][et_pb_column type=\u00bb1_3&#8243; _builder_version=\u00bb4.4.8&#8243;][et_pb_image src=\u00bbhttps:\/\/www.safetyandsecurity.cl\/land\/wp-content\/uploads\/2021\/05\/LOGOS_TODOS-05.png\u00bb title_text=\u00bbLOGOS_TODOS-05&#8243; _builder_version=\u00bb4.4.8&#8243; min_height=\u00bb308.4px\u00bb custom_margin=\u00bb-81px||46px|||\u00bb custom_padding=\u00bb0px|||||\u00bb][\/et_pb_image][\/et_pb_column][et_pb_column type=\u00bb2_3&#8243; _builder_version=\u00bb4.4.8&#8243;][et_pb_text _builder_version=\u00bb4.4.8&#8243; custom_margin=\u00bb-81px||-9px|||\u00bb custom_padding=\u00bb15px||0px|||\u00bb]<\/p>\n<p><strong>Safety Clean Marine<\/strong> provee servicios relacionados con la protecci\u00f3n del medio marino debido a la contaminaci\u00f3n del mar provocada por fuentes terrestres y por los buques y para ello cuenta con las siguientes capacidades.<\/p>\n<p>&nbsp;<\/p>\n<p>[\/et_pb_text][et_pb_text _builder_version=\u00bb4.4.8&#8243; min_height=\u00bb181px\u00bb custom_padding=\u00bb0px|||38px||\u00bb]<\/p>\n<ul>\n<li>Confecci\u00f3n y actualizaci\u00f3n de Planes de Contingencias.<\/li>\n<li>Servicio de mantenimiento del Plan de Contingencias<\/li>\n<li>Cursos de Capacitaci\u00f3n \u00a0para el control de derrames.<\/li>\n<li>Cursos de Entrenamiento y Ejercicios de control de derrames de hidrocarburos y qu\u00edmicos.<\/li>\n<li>Confecci\u00f3n de Barreras de Contenci\u00f3n de despliegue r\u00e1pido.<\/li>\n<li>Confecci\u00f3n de Estanque de tierra o cubierta buque para la recepci\u00f3n de residuos oleosos.<\/li>\n<li>Confecci\u00f3n de Estanque flotante para la recepci\u00f3n de residuos oleosos.<\/li>\n<\/ul>\n<p>[\/et_pb_text][\/et_pb_column][\/et_pb_row][\/et_pb_section]<\/p>\n","protected":false},"excerpt":{"rendered":"<p>[et_pb_section fb_built=\u00bb1&#8243; _builder_version=\u00bb4.4.8&#8243; custom_padding=\u00bb236px|||||\u00bb][et_pb_row column_structure=\u00bb1_3,2_3&#8243; _builder_version=\u00bb4.4.8&#8243; min_height=\u00bb360.4px\u00bb custom_margin=\u00bb-1px|auto||auto||\u00bb custom_padding=\u00bb0px|||||\u00bb][et_pb_column type=\u00bb1_3&#8243; _builder_version=\u00bb4.4.8&#8243;][et_pb_image src=\u00bbhttps:\/\/www.safetyandsecurity.cl\/land\/wp-content\/uploads\/2021\/05\/LOGOS_TODOS-05.png\u00bb title_text=\u00bbLOGOS_TODOS-05&#8243; _builder_version=\u00bb4.4.8&#8243; min_height=\u00bb308.4px\u00bb custom_margin=\u00bb-81px||46px|||\u00bb custom_padding=\u00bb0px|||||\u00bb][\/et_pb_image][\/et_pb_column][et_pb_column type=\u00bb2_3&#8243; _builder_version=\u00bb4.4.8&#8243;][et_pb_text _builder_version=\u00bb4.4.8&#8243; custom_margin=\u00bb-81px||-9px|||\u00bb custom_padding=\u00bb15px||0px|||\u00bb] Safety Clean Marine provee servicios relacionados con la protecci\u00f3n del medio marino debido a la contaminaci\u00f3n del mar provocada por fuentes terrestres y por los buques y para ello cuenta con las siguientes [&hellip;]<\/p>\n","protected":false},"author":1,"featured_media":0,"parent":0,"menu_order":0,"comment_status":"closed","ping_status":"closed","template":"","meta":{"_et_pb_use_builder":"on","_et_pb_old_content":"","_et_gb_content_width":""},"_links":{"self":[{"href":"https:\/\/www.safetyandsecurity.cl\/land\/wp-json\/wp\/v2\/pages\/283"}],"collection":[{"href":"https:\/\/www.safetyandsecurity.cl\/land\/wp-json\/wp\/v2\/pages"}],"about":[{"href":"https:\/\/www.safetyandsecurity.cl\/land\/wp-json\/wp\/v2\/types\/page"}],"author":[{"embeddable":true,"href":"https:\/\/www.safetyandsecurity.cl\/land\/wp-json\/wp\/v2\/users\/1"}],"replies":[{"embeddable":true,"href":"https:\/\/www.safetyandsecurity.cl\/land\/wp-json\/wp\/v2\/comments?post=283"}],"version-history":[{"count":9,"href":"https:\/\/www.safetyandsecurity.cl\/land\/wp-json\/wp\/v2\/pages\/283\/revisions"}],"predecessor-version":[{"id":540,"href":"https:\/\/www.safetyandsecurity.cl\/land\/wp-json\/wp\/v2\/pages\/283\/revisions\/540"}],"wp:attachment":[{"href":"https:\/\/www.safetyandsecurity.cl\/land\/wp-json\/wp\/v2\/media?parent=283"}],"curies":[{"name":"wp","href":"https:\/\/api.w.org\/{rel}","templated":true}]}}