{"id":324,"date":"2021-05-24T22:14:29","date_gmt":"2021-05-25T01:14:29","guid":{"rendered":"https:\/\/www.safetyandsecurity.cl\/land\/?page_id=324"},"modified":"2024-05-14T12:07:56","modified_gmt":"2024-05-14T15:07:56","slug":"curso-formacion-de-loading-master","status":"publish","type":"page","link":"https:\/\/www.safetyandsecurity.cl\/land\/curso-formacion-de-loading-master\/","title":{"rendered":"Curso Formaci\u00f3n de Loading Master"},"content":{"rendered":"<p>[et_pb_section fb_built=\u00bb1&#8243; _builder_version=\u00bb4.4.8&#8243; custom_padding=\u00bb94px|||||\u00bb][et_pb_row _builder_version=\u00bb4.4.8&#8243; custom_margin=\u00bb-21px|auto||auto||\u00bb custom_padding=\u00bb43px|||||\u00bb][et_pb_column type=\u00bb4_4&#8243; _builder_version=\u00bb4.4.8&#8243;][et_pb_text _builder_version=\u00bb4.4.8&#8243; custom_margin=\u00bb25px|||||\u00bb]<\/p>\n<h6 style=\"text-align: left;\">CAPACITACIONES\u00a0 |\u00a0 CURSOS DISPONIBLES\u00a0 \u00a0|\u00a0<strong> LOADING MASTER<\/strong><\/h6>\n<p>[\/et_pb_text][\/et_pb_column][\/et_pb_row][et_pb_row _builder_version=\u00bb4.4.8&#8243; custom_margin=\u00bb-30px|auto||auto||\u00bb][et_pb_column type=\u00bb4_4&#8243; _builder_version=\u00bb4.4.8&#8243;][et_pb_text _builder_version=\u00bb4.4.8&#8243;]<\/p>\n<h1><strong>CURSO FORMACI\u00d3N DE LOADING MASTER <\/strong><\/h1>\n<h5><strong>Versi\u00f3n 12<\/strong><\/h5>\n<p>[\/et_pb_text][\/et_pb_column][\/et_pb_row][et_pb_row column_structure=\u00bb2_3,1_3&#8243; _builder_version=\u00bb4.4.8&#8243;][et_pb_column type=\u00bb2_3&#8243; _builder_version=\u00bb4.4.8&#8243;][et_pb_text _builder_version=\u00bb4.4.8&#8243; custom_padding=\u00bb||0px|||\u00bb]<\/p>\n<p>Curso dirigido para ejercer la funci\u00f3n de Mooring o Loading Master en los diferentes tipos de buques y modos de transferencias mar\u00edtimas de l\u00edquidos y gases a granel, c\u00f3mo lo son, de Buque a Muelle, de Buque a Terminal Mar\u00edtimo, y de Buque a Buque, est\u00e9 \u00faltimo, ya sea para faenas de Bunkering, faenas de Alijo y por \u00faltimo para faenas de Almacenamiento Flotante, objeto realizar operaciones en forma integralmente seguras.<\/p>\n<p><strong>Modalidad:<br \/><\/strong><span style=\"font-size: 14px;\">El curso se realiza bajo la modalidad e-learning 100%.<\/span><\/p>\n<p><strong>Horas Cronol\u00f3gicas:<\/strong> <br \/>347 hrs.<\/p>\n<p>[\/et_pb_text][et_pb_button button_url=\u00bbhttps:\/\/www.safetyandsecurity.cl\/land\/wp-content\/uploads\/2024\/05\/Curso-de-Formacio%CC%81n-del-cargo-de-Loading-Master-Cr.3.pdf\u00bb url_new_window=\u00bbon\u00bb button_text=\u00bbDESCARGA PDF\u00bb _builder_version=\u00bb4.4.8&#8243; custom_button=\u00bbon\u00bb button_text_color=\u00bb#e09900&#8243; hover_enabled=\u00bb0&#8243;][\/et_pb_button][\/et_pb_column][et_pb_column type=\u00bb1_3&#8243; _builder_version=\u00bb4.4.8&#8243;][et_pb_image src=\u00bbhttps:\/\/www.safetyandsecurity.cl\/land\/wp-content\/uploads\/2021\/06\/curso_loading.jpg\u00bb title_text=\u00bbcurso_loading\u00bb align=\u00bbcenter\u00bb _builder_version=\u00bb4.4.8&#8243;][\/et_pb_image][\/et_pb_column][\/et_pb_row][\/et_pb_section]<\/p>\n","protected":false},"excerpt":{"rendered":"<p>[et_pb_section fb_built=\u00bb1&#8243; _builder_version=\u00bb4.4.8&#8243; custom_padding=\u00bb94px|||||\u00bb][et_pb_row _builder_version=\u00bb4.4.8&#8243; custom_margin=\u00bb-21px|auto||auto||\u00bb custom_padding=\u00bb43px|||||\u00bb][et_pb_column type=\u00bb4_4&#8243; _builder_version=\u00bb4.4.8&#8243;][et_pb_text _builder_version=\u00bb4.4.8&#8243; custom_margin=\u00bb25px|||||\u00bb] CAPACITACIONES\u00a0 |\u00a0 CURSOS DISPONIBLES\u00a0 \u00a0|\u00a0 LOADING MASTER [\/et_pb_text][\/et_pb_column][\/et_pb_row][et_pb_row _builder_version=\u00bb4.4.8&#8243; custom_margin=\u00bb-30px|auto||auto||\u00bb][et_pb_column type=\u00bb4_4&#8243; _builder_version=\u00bb4.4.8&#8243;][et_pb_text _builder_version=\u00bb4.4.8&#8243;] CURSO FORMACI\u00d3N DE LOADING MASTER Versi\u00f3n 12 [\/et_pb_text][\/et_pb_column][\/et_pb_row][et_pb_row column_structure=\u00bb2_3,1_3&#8243; _builder_version=\u00bb4.4.8&#8243;][et_pb_column type=\u00bb2_3&#8243; _builder_version=\u00bb4.4.8&#8243;][et_pb_text _builder_version=\u00bb4.4.8&#8243; custom_padding=\u00bb||0px|||\u00bb] Curso dirigido para ejercer la funci\u00f3n de Mooring o Loading Master en los diferentes tipos de buques [&hellip;]<\/p>\n","protected":false},"author":1,"featured_media":0,"parent":0,"menu_order":0,"comment_status":"closed","ping_status":"closed","template":"","meta":{"_et_pb_use_builder":"on","_et_pb_old_content":"","_et_gb_content_width":""},"_links":{"self":[{"href":"https:\/\/www.safetyandsecurity.cl\/land\/wp-json\/wp\/v2\/pages\/324"}],"collection":[{"href":"https:\/\/www.safetyandsecurity.cl\/land\/wp-json\/wp\/v2\/pages"}],"about":[{"href":"https:\/\/www.safetyandsecurity.cl\/land\/wp-json\/wp\/v2\/types\/page"}],"author":[{"embeddable":true,"href":"https:\/\/www.safetyandsecurity.cl\/land\/wp-json\/wp\/v2\/users\/1"}],"replies":[{"embeddable":true,"href":"https:\/\/www.safetyandsecurity.cl\/land\/wp-json\/wp\/v2\/comments?post=324"}],"version-history":[{"count":21,"href":"https:\/\/www.safetyandsecurity.cl\/land\/wp-json\/wp\/v2\/pages\/324\/revisions"}],"predecessor-version":[{"id":687,"href":"https:\/\/www.safetyandsecurity.cl\/land\/wp-json\/wp\/v2\/pages\/324\/revisions\/687"}],"wp:attachment":[{"href":"https:\/\/www.safetyandsecurity.cl\/land\/wp-json\/wp\/v2\/media?parent=324"}],"curies":[{"name":"wp","href":"https:\/\/api.w.org\/{rel}","templated":true}]}}