{"id":472,"date":"2021-06-23T20:42:08","date_gmt":"2021-06-23T23:42:08","guid":{"rendered":"https:\/\/www.safetyandsecurity.cl\/land\/?page_id=472"},"modified":"2021-06-25T12:30:57","modified_gmt":"2021-06-25T15:30:57","slug":"curso-de-familiarizacion-sobre-mercancias-peligrosas-para-el-personal-de-tierra-que-participa-en-la-cadena-logistica-del-comercio-internacional-realizado-por-via-maritima-nivel1","status":"publish","type":"page","link":"https:\/\/www.safetyandsecurity.cl\/land\/curso-de-familiarizacion-sobre-mercancias-peligrosas-para-el-personal-de-tierra-que-participa-en-la-cadena-logistica-del-comercio-internacional-realizado-por-via-maritima-nivel1\/","title":{"rendered":"Curso de Familiarizaci\u00f3n sobre Mercanc\u00edas Peligrosas para el Personal de  Tierra que participa en la cadena log\u00edstica del comercio internacional realizado por v\u00eda mar\u00edtima, Nivel 1."},"content":{"rendered":"<p>[et_pb_section fb_built=\u00bb1&#8243; _builder_version=\u00bb4.4.8&#8243; custom_padding=\u00bb169px|||||\u00bb][et_pb_row _builder_version=\u00bb4.4.8&#8243; custom_margin=\u00bb-47px|auto||auto||\u00bb][et_pb_column type=\u00bb4_4&#8243; _builder_version=\u00bb4.4.8&#8243;][et_pb_text _builder_version=\u00bb4.4.8&#8243;]<\/p>\n<h6 style=\"text-align: left;\"><span>CAPACITACIONES\u00a0 |\u00a0 CURSOS DISPONIBLES\u00a0 \u00a0|\u00a0<\/span><strong><span>\u00a0<\/span>MERCANC\u00cdAS PELICROSAS NIVEL 1<\/strong><\/h6>\n<p>[\/et_pb_text][\/et_pb_column][\/et_pb_row][et_pb_row column_structure=\u00bb2_3,1_3&#8243; _builder_version=\u00bb4.4.8&#8243;][et_pb_column type=\u00bb2_3&#8243; _builder_version=\u00bb4.4.8&#8243;][et_pb_text _builder_version=\u00bb4.4.8&#8243;]<\/p>\n<h1><strong>Curso de Familiarizaci\u00f3n sobre Mercanc\u00edas Peligrosas para el Personal de Tierra que participa en la cadena log\u00edstica del comercio internacional realizado por v\u00eda mar\u00edtima<\/strong><\/h1>\n<h4><strong>Nivel 1<\/strong><\/h4>\n<p>&nbsp;<\/p>\n<p><strong style=\"font-size: 14px;\">Informaciones<\/strong><\/p>\n<p>A ra\u00edz de los accidentes industriales acaecidos e incidentes ocasionados por el terrorismo internacional o en algunos casos, por actos de sabotaje en las propias empresas, con cargas peligrosas, las Autoridades de los pa\u00edses, se han visto obligados a revisar los est\u00e1ndares que est\u00e1n empleando los diferentes estamentos que participan en la cadena de valor del comercio exterior, con el objeto de minimizar la probabilidad de verse involucrado en un siniestro con \u00e9sta clase de carga, lo que podr\u00eda llegar a causar serios da\u00f1os a las personas, instalaciones portuarias, medio ambiente propiedad p\u00fablica y privada.<\/p>\n<p>Asimismo las exigencias que se derivan de los acuerdos internacionales entre pa\u00edses y privados exigen el cumplimiento previo de est\u00e1ndares para la materializaci\u00f3n del intercambio de mercanc\u00edas en forma segura y por otro lado, tambi\u00e9n para la adjudicaci\u00f3n de recursos monetarios a trav\u00e9s de organizaciones internacionales.<\/p>\n<p>El consumo de mercanc\u00edas peligrosas en el pa\u00eds, es cada vez m\u00e1s creciente, en los medida de su desarrollo econ\u00f3mico y especialmente de su industria pesada como proveedora de materias primas o de productos elaborados. Estos productos calificados en diferentes clases poseen riesgos inherentes a la naturaleza de su composici\u00f3n y riesgos agregados durante su manipulaci\u00f3n, transporte y almacenamiento. Estos riesgos son de orden qu\u00edmico, f\u00edsico y biol\u00f3gico, ya sean transportados en bultos o a granel.<\/p>\n<p>&nbsp;<\/p>\n<p><strong>Fundamentos:<\/strong><\/p>\n<p>El transporte de mercanc\u00edas peligrosas, en el mundo, se encuentra regulado por la Organizaci\u00f3n de las Naciones Unidas, en Nueva York, y el modo de transporte mar\u00edtimo en bultos y a granel, por la Organizaci\u00f3n Mar\u00edtima Internacional en Londres, a trav\u00e9s de los C\u00f3digos IMDG y C\u00f3digo para Gr\u00e1neles S\u00f3lidos.<\/p>\n<p>Estos est\u00e1ndares internacionales, identifica las cargas peligrosas en general y las de alto riesgo en particular, para la utilizaci\u00f3n por el terrorismo internacional y saboteadores, y entrega la informaci\u00f3n necesaria para prevenir accidentes e incidentes con la aplicaci\u00f3n de procedimientos seguros para su manipulaci\u00f3n, procedimientos de estiba y segregaci\u00f3n y llenado de la documentaci\u00f3n con la informaci\u00f3n t\u00e9cnica exacta para su despacho, entre otras particularidades.<\/p>\n<p>Esta normativa internacional, obliga a toda empresa que tome contacto con esta clase de mercanc\u00edas, antes de proceder a su embarque o desembarque, a verificar que su personal este en posesi\u00f3n de una certificado de reconocimiento internacional, que acredite haber realizado un curso formal en cargas peligrosas, cuyo objetivo es el presente Curso de Familiarizaci\u00f3n.<\/p>\n<p>&nbsp;<\/p>\n<p><strong>Modalidad:<br \/><\/strong><span>El curso se realiza bajo la modalidad e-learning 100%.<\/span><\/p>\n<p><strong>Horas Cronol\u00f3gicas:<\/strong><br \/>24 hrs.<\/p>\n<p><strong>Documentaci\u00f3n:<br \/><\/strong><span style=\"font-size: 14px;\">Manual del Alumno de 100 hojas, edici\u00f3n 2010.<\/span><\/p>\n<p><strong><\/strong><\/p>\n<p>[\/et_pb_text][\/et_pb_column][et_pb_column type=\u00bb1_3&#8243; _builder_version=\u00bb4.4.8&#8243;][et_pb_image src=\u00bbhttps:\/\/www.safetyandsecurity.cl\/land\/wp-content\/uploads\/2021\/06\/Captura-de-Pantalla-2021-06-25-a-las-10.55.32.png\u00bb _builder_version=\u00bb4.4.8&#8243; hover_enabled=\u00bb0&#8243; title_text=\u00bbCaptura de Pantalla 2021-06-25 a la(s) 10.55.32&#8243;][\/et_pb_image][\/et_pb_column][\/et_pb_row][\/et_pb_section]<\/p>\n","protected":false},"excerpt":{"rendered":"<p>[et_pb_section fb_built=\u00bb1&#8243; _builder_version=\u00bb4.4.8&#8243; custom_padding=\u00bb169px|||||\u00bb][et_pb_row _builder_version=\u00bb4.4.8&#8243; custom_margin=\u00bb-47px|auto||auto||\u00bb][et_pb_column type=\u00bb4_4&#8243; _builder_version=\u00bb4.4.8&#8243;][et_pb_text _builder_version=\u00bb4.4.8&#8243;] CAPACITACIONES\u00a0 |\u00a0 CURSOS DISPONIBLES\u00a0 \u00a0|\u00a0\u00a0MERCANC\u00cdAS PELICROSAS NIVEL 1 [\/et_pb_text][\/et_pb_column][\/et_pb_row][et_pb_row column_structure=\u00bb2_3,1_3&#8243; _builder_version=\u00bb4.4.8&#8243;][et_pb_column type=\u00bb2_3&#8243; _builder_version=\u00bb4.4.8&#8243;][et_pb_text _builder_version=\u00bb4.4.8&#8243;] Curso de Familiarizaci\u00f3n sobre Mercanc\u00edas Peligrosas para el Personal de Tierra que participa en la cadena log\u00edstica del comercio internacional realizado por v\u00eda mar\u00edtima Nivel 1 &nbsp; Informaciones A ra\u00edz de los [&hellip;]<\/p>\n","protected":false},"author":1,"featured_media":0,"parent":0,"menu_order":0,"comment_status":"closed","ping_status":"closed","template":"","meta":{"_et_pb_use_builder":"on","_et_pb_old_content":"","_et_gb_content_width":""},"_links":{"self":[{"href":"https:\/\/www.safetyandsecurity.cl\/land\/wp-json\/wp\/v2\/pages\/472"}],"collection":[{"href":"https:\/\/www.safetyandsecurity.cl\/land\/wp-json\/wp\/v2\/pages"}],"about":[{"href":"https:\/\/www.safetyandsecurity.cl\/land\/wp-json\/wp\/v2\/types\/page"}],"author":[{"embeddable":true,"href":"https:\/\/www.safetyandsecurity.cl\/land\/wp-json\/wp\/v2\/users\/1"}],"replies":[{"embeddable":true,"href":"https:\/\/www.safetyandsecurity.cl\/land\/wp-json\/wp\/v2\/comments?post=472"}],"version-history":[{"count":12,"href":"https:\/\/www.safetyandsecurity.cl\/land\/wp-json\/wp\/v2\/pages\/472\/revisions"}],"predecessor-version":[{"id":586,"href":"https:\/\/www.safetyandsecurity.cl\/land\/wp-json\/wp\/v2\/pages\/472\/revisions\/586"}],"wp:attachment":[{"href":"https:\/\/www.safetyandsecurity.cl\/land\/wp-json\/wp\/v2\/media?parent=472"}],"curies":[{"name":"wp","href":"https:\/\/api.w.org\/{rel}","templated":true}]}}