{"id":595,"date":"2022-11-10T17:41:34","date_gmt":"2022-11-10T20:41:34","guid":{"rendered":"https:\/\/www.safetyandsecurity.cl\/land\/?page_id=595"},"modified":"2022-11-10T18:50:35","modified_gmt":"2022-11-10T21:50:35","slug":"hydrogen","status":"publish","type":"page","link":"https:\/\/www.safetyandsecurity.cl\/land\/hydrogen\/","title":{"rendered":"Hydrogen"},"content":{"rendered":"<p>[et_pb_section fb_built=\u00bb1&#8243; _builder_version=\u00bb4.4.8&#8243; custom_padding=\u00bb189px|||||\u00bb][et_pb_row column_structure=\u00bb1_3,2_3&#8243; _builder_version=\u00bb4.4.8&#8243; min_height=\u00bb360.4px\u00bb custom_margin=\u00bb-1px|auto||auto||\u00bb custom_padding=\u00bb0px|||||\u00bb hover_enabled=\u00bb0&#8243;][et_pb_column type=\u00bb1_3&#8243; _builder_version=\u00bb4.4.8&#8243;][et_pb_image src=\u00bbhttps:\/\/www.safetyandsecurity.cl\/land\/wp-content\/uploads\/2022\/11\/logo_hydrogen-07.jpg\u00bb title_text=\u00bblogo_hydrogen-07&#8243; _builder_version=\u00bb4.4.8&#8243; min_height=\u00bb308.4px\u00bb custom_margin=\u00bb-81px||46px|||\u00bb custom_padding=\u00bb0px|||||\u00bb hover_enabled=\u00bb0&#8243;][\/et_pb_image][\/et_pb_column][et_pb_column type=\u00bb2_3&#8243; _builder_version=\u00bb4.4.8&#8243;][et_pb_text _builder_version=\u00bb4.4.8&#8243; custom_margin=\u00bb-81px||-9px|||\u00bb custom_padding=\u00bb15px||0px|||\u00bb]<\/p>\n<p><strong>Safety Hydrogen<\/strong> Contribuiye con el conocimiento en seguridad y protecci\u00f3n en los procesos<br \/>industriales de producci\u00f3n, almacenamiento, trasiego y embarque del<br \/>hidr\u00f3geno verde o sus derivados por las terminales mar\u00edtimas a bordo de los<br \/>buques tanques gaseros.<\/p>\n<p><span style=\"font-size: 14px;\"><br \/>Cursos Impartidos:<\/span><\/p>\n<p>&nbsp;<\/p>\n<p>[\/et_pb_text][et_pb_text _builder_version=\u00bb4.4.8&#8243; min_height=\u00bb181px\u00bb custom_padding=\u00bb0px|||38px||\u00bb]<\/p>\n<ul>\n<li>Cursos de Inducci\u00f3n en prevenci\u00f3n de riesgos para toda persona que ingresa a un<br \/>\u00e1rea de la industria del Hidr\u00f3geno Verde. (04 Hrs.)<\/li>\n<li>Curso de Capacitaci\u00f3n en seguridad y protecci\u00f3n para todo personal que manipula<br \/>hidr\u00f3geno o sus derivados como amon\u00edaco, metano y metanol. (20 Hrs.)<\/li>\n<li>Curso de Formaci\u00f3n o Actualizaci\u00f3n de Loading Master para el embarque seguro<br \/>de hidr\u00f3geno o sus derivados como amon\u00edaco, metano y metanol en la interfaz<br \/>terminal mar\u00edtima &#8211; buque tanques gasero. (40 Hrs.)<\/li>\n<li>Curso de an\u00e1lisis de los riesgos en seguridad (Safety) y protecci\u00f3n (Security) para<br \/>los procesos de producci\u00f3n, almacenamiento, trasiego, transporte terrestre y<br \/>transporte mar\u00edtimo de hidr\u00f3geno o sus derivados como amon\u00edaco, metano y<br \/>metanol. (24 Hrs.)<\/li>\n<\/ul>\n<p>[\/et_pb_text][et_pb_text _builder_version=\u00bb4.4.8&#8243; hover_enabled=\u00bb0&#8243;]<\/p>\n<p>Para saber m\u00e1s sobre Hydrogen comun\u00edcate al correo\u00a0hydrogen@safetyandsecurity.cl.<\/p>\n<p>[\/et_pb_text][\/et_pb_column][\/et_pb_row][\/et_pb_section]<\/p>\n","protected":false},"excerpt":{"rendered":"<p>[et_pb_section fb_built=\u00bb1&#8243; _builder_version=\u00bb4.4.8&#8243; custom_padding=\u00bb189px|||||\u00bb][et_pb_row column_structure=\u00bb1_3,2_3&#8243; _builder_version=\u00bb4.4.8&#8243; min_height=\u00bb360.4px\u00bb custom_margin=\u00bb-1px|auto||auto||\u00bb custom_padding=\u00bb0px|||||\u00bb hover_enabled=\u00bb0&#8243;][et_pb_column type=\u00bb1_3&#8243; _builder_version=\u00bb4.4.8&#8243;][et_pb_image src=\u00bbhttps:\/\/www.safetyandsecurity.cl\/land\/wp-content\/uploads\/2022\/11\/logo_hydrogen-07.jpg\u00bb title_text=\u00bblogo_hydrogen-07&#8243; _builder_version=\u00bb4.4.8&#8243; min_height=\u00bb308.4px\u00bb custom_margin=\u00bb-81px||46px|||\u00bb custom_padding=\u00bb0px|||||\u00bb hover_enabled=\u00bb0&#8243;][\/et_pb_image][\/et_pb_column][et_pb_column type=\u00bb2_3&#8243; _builder_version=\u00bb4.4.8&#8243;][et_pb_text _builder_version=\u00bb4.4.8&#8243; custom_margin=\u00bb-81px||-9px|||\u00bb custom_padding=\u00bb15px||0px|||\u00bb] Safety Hydrogen Contribuiye con el conocimiento en seguridad y protecci\u00f3n en los procesosindustriales de producci\u00f3n, almacenamiento, trasiego y embarque delhidr\u00f3geno verde o sus derivados por las terminales mar\u00edtimas a bordo de [&hellip;]<\/p>\n","protected":false},"author":1,"featured_media":0,"parent":0,"menu_order":0,"comment_status":"closed","ping_status":"closed","template":"","meta":{"_et_pb_use_builder":"on","_et_pb_old_content":"","_et_gb_content_width":""},"_links":{"self":[{"href":"https:\/\/www.safetyandsecurity.cl\/land\/wp-json\/wp\/v2\/pages\/595"}],"collection":[{"href":"https:\/\/www.safetyandsecurity.cl\/land\/wp-json\/wp\/v2\/pages"}],"about":[{"href":"https:\/\/www.safetyandsecurity.cl\/land\/wp-json\/wp\/v2\/types\/page"}],"author":[{"embeddable":true,"href":"https:\/\/www.safetyandsecurity.cl\/land\/wp-json\/wp\/v2\/users\/1"}],"replies":[{"embeddable":true,"href":"https:\/\/www.safetyandsecurity.cl\/land\/wp-json\/wp\/v2\/comments?post=595"}],"version-history":[{"count":4,"href":"https:\/\/www.safetyandsecurity.cl\/land\/wp-json\/wp\/v2\/pages\/595\/revisions"}],"predecessor-version":[{"id":601,"href":"https:\/\/www.safetyandsecurity.cl\/land\/wp-json\/wp\/v2\/pages\/595\/revisions\/601"}],"wp:attachment":[{"href":"https:\/\/www.safetyandsecurity.cl\/land\/wp-json\/wp\/v2\/media?parent=595"}],"curies":[{"name":"wp","href":"https:\/\/api.w.org\/{rel}","templated":true}]}}