{"id":628,"date":"2022-11-10T18:32:37","date_gmt":"2022-11-10T21:32:37","guid":{"rendered":"https:\/\/www.safetyandsecurity.cl\/land\/?page_id=628"},"modified":"2022-11-10T18:50:28","modified_gmt":"2022-11-10T21:50:28","slug":"curso-formacion","status":"publish","type":"page","link":"https:\/\/www.safetyandsecurity.cl\/land\/curso-formacion\/","title":{"rendered":"Curso Formaci\u00f3n"},"content":{"rendered":"<p>[et_pb_section fb_built=\u00bb1&#8243; _builder_version=\u00bb4.4.8&#8243;][et_pb_row _builder_version=\u00bb4.4.8&#8243; custom_margin=\u00bb50px|auto||auto||\u00bb][et_pb_column type=\u00bb4_4&#8243; _builder_version=\u00bb4.4.8&#8243;][et_pb_text _builder_version=\u00bb4.4.8&#8243; hover_enabled=\u00bb0&#8243;]<\/p>\n<h6 style=\"text-align: left;\">HYDROGEN\u00a0 |\u00a0 CURSOS DISPONIBLES\u00a0 |\u00a0 <strong> <span>FORMACI\u00d3N<\/span><\/strong><\/h6>\n<p>[\/et_pb_text][\/et_pb_column][\/et_pb_row][et_pb_row column_structure=\u00bb3_5,2_5&#8243; _builder_version=\u00bb4.4.8&#8243;][et_pb_column type=\u00bb3_5&#8243; _builder_version=\u00bb4.4.8&#8243;][et_pb_text _builder_version=\u00bb4.4.8&#8243; min_height=\u00bb656.3px\u00bb custom_padding=\u00bb||0px|||\u00bb]<\/p>\n<h1><strong>CURSO FORMACI\u00d3N<\/strong><\/h1>\n<h1><strong style=\"font-size: 14px; color: #666666;\">Objetivo:<\/strong><\/h1>\n<p>Curso de Formaci\u00f3n o Actualizaci\u00f3n de Loading Master para el embarque seguro<br \/>de hidr\u00f3geno o sus derivados como amon\u00edaco, metano y metanol en la interfaz<br \/>terminal mar\u00edtima &#8211; buque tanques gasero.\u00a0<\/p>\n<p><strong>Horas Cronol\u00f3gicas:<\/strong><br \/><span>40 hrs.<\/span><span style=\"font-size: 14px;\">\u00a0<\/span><\/p>\n<p class=\"p1\"><b>Contenido del curso:<span class=\"Apple-converted-space\">\u00a0<br \/><\/span><\/b><span style=\"font-size: 14px;\">1.- Introducci\u00f3n<br \/>2.- Accidentes industriales<br \/>3.- Incidentes por terrorismo y cambio clim\u00e1tico.<br \/>4.- An\u00e1lisis de Riesgos y EPP<br \/>5.- Normativa internacional aplicable<br \/>6.- Formas de producci\u00f3n del hidr\u00f3geno<br \/>7.- Formas de manipulaci\u00f3n del hidr\u00f3geno<br \/>8.- Formas de almacenamiento del hidr\u00f3geno<br \/>9.- Formas de transporte por ductos, terrestre y mar\u00edtimo<br \/>10.- Inflamabilidad del Hidr\u00f3geno, Amon\u00edaco, Metano y Metanol<br \/>11.- Interfaz terminal-buque tanque, normativa NFPA<br \/>12.- Tipo de buque tanque a utilizar, normativa ONU-OMI<br \/>13.- Regulaciones aplicables a buques tanque y terminales<br \/>14.- Directrices OCIMF, SIGTTO, SMOG<br \/>15.- Inspecciones SIRE<br \/>16.- Listas de verificaci\u00f3n ISGOTT<br \/>17.- Planes de Emergencias<br \/>18.- Taller Estudio de Caso.<\/span><\/p>\n<p class=\"p1\"><span style=\"font-size: 14px;\"><\/span><\/p>\n<p class=\"p1\"><span style=\"font-size: 14px;\">Para saber m\u00e1s sobre Hydrogen comun\u00edcate al correo\u00a0hydrogen@safetyandsecurity.cl.<\/span><\/p>\n<p>&nbsp;<\/p>\n<p>[\/et_pb_text][\/et_pb_column][et_pb_column type=\u00bb2_5&#8243; _builder_version=\u00bb4.4.8&#8243;][et_pb_image src=\u00bbhttps:\/\/www.safetyandsecurity.cl\/land\/wp-content\/uploads\/2022\/11\/hydro2.jpg\u00bb title_text=\u00bbhydro2&#8243; _builder_version=\u00bb4.4.8&#8243; hover_enabled=\u00bb0&#8243;][\/et_pb_image][\/et_pb_column][\/et_pb_row][\/et_pb_section]<\/p>\n","protected":false},"excerpt":{"rendered":"<p>[et_pb_section fb_built=\u00bb1&#8243; _builder_version=\u00bb4.4.8&#8243;][et_pb_row _builder_version=\u00bb4.4.8&#8243; custom_margin=\u00bb50px|auto||auto||\u00bb][et_pb_column type=\u00bb4_4&#8243; _builder_version=\u00bb4.4.8&#8243;][et_pb_text _builder_version=\u00bb4.4.8&#8243; hover_enabled=\u00bb0&#8243;] HYDROGEN\u00a0 |\u00a0 CURSOS DISPONIBLES\u00a0 |\u00a0 FORMACI\u00d3N [\/et_pb_text][\/et_pb_column][\/et_pb_row][et_pb_row column_structure=\u00bb3_5,2_5&#8243; _builder_version=\u00bb4.4.8&#8243;][et_pb_column type=\u00bb3_5&#8243; _builder_version=\u00bb4.4.8&#8243;][et_pb_text _builder_version=\u00bb4.4.8&#8243; min_height=\u00bb656.3px\u00bb custom_padding=\u00bb||0px|||\u00bb] CURSO FORMACI\u00d3N Objetivo: Curso de Formaci\u00f3n o Actualizaci\u00f3n de Loading Master para el embarque segurode hidr\u00f3geno o sus derivados como amon\u00edaco, metano y metanol en la interfazterminal mar\u00edtima &#8211; buque tanques gasero.\u00a0 [&hellip;]<\/p>\n","protected":false},"author":1,"featured_media":0,"parent":0,"menu_order":0,"comment_status":"closed","ping_status":"closed","template":"","meta":{"_et_pb_use_builder":"on","_et_pb_old_content":"","_et_gb_content_width":""},"_links":{"self":[{"href":"https:\/\/www.safetyandsecurity.cl\/land\/wp-json\/wp\/v2\/pages\/628"}],"collection":[{"href":"https:\/\/www.safetyandsecurity.cl\/land\/wp-json\/wp\/v2\/pages"}],"about":[{"href":"https:\/\/www.safetyandsecurity.cl\/land\/wp-json\/wp\/v2\/types\/page"}],"author":[{"embeddable":true,"href":"https:\/\/www.safetyandsecurity.cl\/land\/wp-json\/wp\/v2\/users\/1"}],"replies":[{"embeddable":true,"href":"https:\/\/www.safetyandsecurity.cl\/land\/wp-json\/wp\/v2\/comments?post=628"}],"version-history":[{"count":3,"href":"https:\/\/www.safetyandsecurity.cl\/land\/wp-json\/wp\/v2\/pages\/628\/revisions"}],"predecessor-version":[{"id":633,"href":"https:\/\/www.safetyandsecurity.cl\/land\/wp-json\/wp\/v2\/pages\/628\/revisions\/633"}],"wp:attachment":[{"href":"https:\/\/www.safetyandsecurity.cl\/land\/wp-json\/wp\/v2\/media?parent=628"}],"curies":[{"name":"wp","href":"https:\/\/api.w.org\/{rel}","templated":true}]}}