{"id":688,"date":"2024-05-14T12:11:29","date_gmt":"2024-05-14T15:11:29","guid":{"rendered":"https:\/\/www.safetyandsecurity.cl\/land\/?page_id=688"},"modified":"2024-05-23T13:06:11","modified_gmt":"2024-05-23T16:06:11","slug":"curso-gestion-del-riesgo-en-manipulacion-del-hidrogeno-verde","status":"publish","type":"page","link":"https:\/\/www.safetyandsecurity.cl\/land\/curso-gestion-del-riesgo-en-manipulacion-del-hidrogeno-verde\/","title":{"rendered":"Curso Gesti\u00f3n del Riesgo en Manipulaci\u00f3n del Hidr\u00f3geno Verde"},"content":{"rendered":"<p>[et_pb_section fb_built=\u00bb1&#8243; _builder_version=\u00bb4.4.8&#8243; custom_padding=\u00bb94px|||||\u00bb][et_pb_row _builder_version=\u00bb4.4.8&#8243; custom_margin=\u00bb34px|auto||auto||\u00bb custom_padding=\u00bb0px|||||\u00bb][et_pb_column type=\u00bb4_4&#8243; _builder_version=\u00bb4.4.8&#8243;][et_pb_text _builder_version=\u00bb4.4.8&#8243; custom_margin=\u00bb6px|||||\u00bb hover_enabled=\u00bb0&#8243;]<\/p>\n<h6 style=\"text-align: left;\"><span>HYDROGEN<\/span> |\u00a0 CURSOS DISPONIBLES\u00a0 \u00a0|\u00a0<strong> CURSO GESTI\u00d3N DE RIESGO EN LA MANIPULACI\u00d3N DEL\u00a0HIDR\u00d3GENO VERDE<\/strong><\/h6>\n<p>[\/et_pb_text][\/et_pb_column][\/et_pb_row][et_pb_row _builder_version=\u00bb4.4.8&#8243; custom_margin=\u00bb-30px|auto||auto||\u00bb][et_pb_column type=\u00bb4_4&#8243; _builder_version=\u00bb4.4.8&#8243;][et_pb_text _builder_version=\u00bb4.4.8&#8243;]<\/p>\n<h1><strong> CURSO GESTI\u00d3N DE RIESGO EN LA MANIPULACI\u00d3N DEL<\/strong><strong>\u00a0HIDR\u00d3GENO VERDE<\/strong><\/h1>\n<p>[\/et_pb_text][\/et_pb_column][\/et_pb_row][et_pb_row column_structure=\u00bb2_3,1_3&#8243; _builder_version=\u00bb4.4.8&#8243; custom_margin=\u00bb-12px|auto||auto||\u00bb custom_padding=\u00bb2px|||||\u00bb][et_pb_column type=\u00bb2_3&#8243; _builder_version=\u00bb4.4.8&#8243;][et_pb_text _builder_version=\u00bb4.4.8&#8243; custom_padding=\u00bb||0px|||\u00bb]<\/p>\n<p class=\"p1\"><b>Objetivo General:<\/b><br \/>El curso tienen por objetivo difundir conocimiento del hidro\u0301geno verde y de sus combustibles derivados a los trabajadores mari\u0301timos y portuarios con foco en aspectos ambientales de seguridad y proteccio\u0301n mar\u00edtima para generar confianza en su manipulacio\u0301n, almacenamiento, trasiego y transporte mar\u00edtimo.<\/p>\n<p class=\"p1\">\n<p class=\"p1\"><b>Certificaci\u00f3n:\u00a0<br \/><\/b><\/p>\n<p class=\"p1\">A los alumnos que finalicen el curso con \u00e9xito se les expedir\u00e1 el documento que\u00a0certifica que el titular ha aprobado el curso de capacitaci\u00f3n sobre<i>los nuevos combustibles marinos derivados del hidr\u00f3geno verde, <\/i>firmado por Safety and Security Capacitaciones.<\/p>\n<p class=\"p2\">\n<p class=\"p1\"><b>Dirigido a: <\/b><\/p>\n<ul class=\"ul1\">\n<li class=\"li3\"><span style=\"font-size: 14px;\">Personal de Gente de Mar de los buques y Personal de Tierra de las instalaciones portuarias.<\/span><\/li>\n<li class=\"li3\">Personal de supervisi\u00f3n de seguridad (Safety) y protecci\u00f3n (Security) de los buques y de las instalaciones portuarias.<\/li>\n<li class=\"li3\">Personal de Loading Master de las instalaciones portuarias.<\/li>\n<li class=\"li3\">Personal de autoridades de servicios p\u00fablicos normativos o fiscalizadores de las actividades mar\u00edtimas y portuarias.<\/li>\n<li class=\"li3\">Personal de los servicios policiales, bomberos y de emergencias m\u00e9dicas de las ciudades puerto.<\/li>\n<li class=\"li3\">Personal de empresas de control de calidad y mediciones de combustibles marinos.<\/li>\n<li class=\"li3\">Personal de empresas de provisi\u00f3n de Bunkering para la flota mercante mundial.<\/li>\n<li class=\"li3\">Personal de empresas de almacenamiento y transporte de combustibles marinos por ductos, camiones, barcazas y ferrocarril.<\/li>\n<\/ul>\n<p>&nbsp;<\/p>\n<p><strong>Modalidad:<br \/><\/strong><span style=\"font-size: 14px;\">El curso se realiza bajo la modalidad e-learning 100%.<\/span><\/p>\n<p><span style=\"font-size: 14px;\"><\/span><\/p>\n<p><strong>Carga Horaria y fechas:<br \/><\/strong><span style=\"font-size: 14px;\">16 Horas cronol\u00f3gicas en 4 sesiones de 4 horas cada una, los d\u00edas lunes y martes de 14:00 a 18:00 Hrs. v\u00eda Zoom, desde el<\/span>\u00a017 al 28 de Junio del 2024.<\/p>\n<p><strong><\/strong><span style=\"font-size: 14px;\">\u00a0<\/span><span style=\"font-size: 14px;\">\u00a0<\/span><\/p>\n<p>[\/et_pb_text][et_pb_button button_url=\u00bbhttps:\/\/www.safetyandsecurity.cl\/land\/wp-content\/uploads\/2024\/05\/Curso-Gestio%CC%81n-del-Riesgo-en-Hidro%CC%81geno-Verde-Mari%CC%81timo-y-Portuario-.pdf\u00bb url_new_window=\u00bbon\u00bb button_text=\u00bbDESCARGA PDF\u00bb _builder_version=\u00bb4.4.8&#8243; custom_button=\u00bbon\u00bb button_text_color=\u00bb#e09900&#8243;][\/et_pb_button][\/et_pb_column][et_pb_column type=\u00bb1_3&#8243; _builder_version=\u00bb4.4.8&#8243;][et_pb_image src=\u00bbhttps:\/\/www.safetyandsecurity.cl\/land\/wp-content\/uploads\/2024\/05\/Captura-de-pantalla-2024-05-14-a-las-10.37.13.png\u00bb title_text=\u00bbCaptura de pantalla 2024-05-14 a la(s) 10.37.13&#8243; align=\u00bbcenter\u00bb _builder_version=\u00bb4.4.8&#8243;][\/et_pb_image][\/et_pb_column][\/et_pb_row][\/et_pb_section]<\/p>\n","protected":false},"excerpt":{"rendered":"<p>[et_pb_section fb_built=\u00bb1&#8243; _builder_version=\u00bb4.4.8&#8243; custom_padding=\u00bb94px|||||\u00bb][et_pb_row _builder_version=\u00bb4.4.8&#8243; custom_margin=\u00bb34px|auto||auto||\u00bb custom_padding=\u00bb0px|||||\u00bb][et_pb_column type=\u00bb4_4&#8243; _builder_version=\u00bb4.4.8&#8243;][et_pb_text _builder_version=\u00bb4.4.8&#8243; custom_margin=\u00bb6px|||||\u00bb hover_enabled=\u00bb0&#8243;] HYDROGEN |\u00a0 CURSOS DISPONIBLES\u00a0 \u00a0|\u00a0 CURSO GESTI\u00d3N DE RIESGO EN LA MANIPULACI\u00d3N DEL\u00a0HIDR\u00d3GENO VERDE [\/et_pb_text][\/et_pb_column][\/et_pb_row][et_pb_row _builder_version=\u00bb4.4.8&#8243; custom_margin=\u00bb-30px|auto||auto||\u00bb][et_pb_column type=\u00bb4_4&#8243; _builder_version=\u00bb4.4.8&#8243;][et_pb_text _builder_version=\u00bb4.4.8&#8243;] CURSO GESTI\u00d3N DE RIESGO EN LA MANIPULACI\u00d3N DEL\u00a0HIDR\u00d3GENO VERDE [\/et_pb_text][\/et_pb_column][\/et_pb_row][et_pb_row column_structure=\u00bb2_3,1_3&#8243; _builder_version=\u00bb4.4.8&#8243; custom_margin=\u00bb-12px|auto||auto||\u00bb custom_padding=\u00bb2px|||||\u00bb][et_pb_column type=\u00bb2_3&#8243; _builder_version=\u00bb4.4.8&#8243;][et_pb_text _builder_version=\u00bb4.4.8&#8243; custom_padding=\u00bb||0px|||\u00bb] Objetivo General:El curso tienen por [&hellip;]<\/p>\n","protected":false},"author":1,"featured_media":0,"parent":0,"menu_order":0,"comment_status":"closed","ping_status":"closed","template":"","meta":{"_et_pb_use_builder":"on","_et_pb_old_content":"","_et_gb_content_width":""},"_links":{"self":[{"href":"https:\/\/www.safetyandsecurity.cl\/land\/wp-json\/wp\/v2\/pages\/688"}],"collection":[{"href":"https:\/\/www.safetyandsecurity.cl\/land\/wp-json\/wp\/v2\/pages"}],"about":[{"href":"https:\/\/www.safetyandsecurity.cl\/land\/wp-json\/wp\/v2\/types\/page"}],"author":[{"embeddable":true,"href":"https:\/\/www.safetyandsecurity.cl\/land\/wp-json\/wp\/v2\/users\/1"}],"replies":[{"embeddable":true,"href":"https:\/\/www.safetyandsecurity.cl\/land\/wp-json\/wp\/v2\/comments?post=688"}],"version-history":[{"count":9,"href":"https:\/\/www.safetyandsecurity.cl\/land\/wp-json\/wp\/v2\/pages\/688\/revisions"}],"predecessor-version":[{"id":707,"href":"https:\/\/www.safetyandsecurity.cl\/land\/wp-json\/wp\/v2\/pages\/688\/revisions\/707"}],"wp:attachment":[{"href":"https:\/\/www.safetyandsecurity.cl\/land\/wp-json\/wp\/v2\/media?parent=688"}],"curies":[{"name":"wp","href":"https:\/\/api.w.org\/{rel}","templated":true}]}}