{"id":84,"date":"2020-07-23T15:21:49","date_gmt":"2020-07-23T18:21:49","guid":{"rendered":"https:\/\/www.safetyandsecurity.cl\/land\/?page_id=84"},"modified":"2021-06-25T12:26:38","modified_gmt":"2021-06-25T15:26:38","slug":"empresa","status":"publish","type":"page","link":"https:\/\/www.safetyandsecurity.cl\/land\/empresa\/","title":{"rendered":"Empresa"},"content":{"rendered":"<p>[et_pb_section fb_built=\u00bb1&#8243; _builder_version=\u00bb4.4.8&#8243; custom_padding=\u00bb50px||21px|||\u00bb][et_pb_row column_structure=\u00bb1_2,1_2&#8243; _builder_version=\u00bb4.4.8&#8243; min_height=\u00bb404.9px\u00bb custom_margin=\u00bb133px|auto||auto||\u00bb custom_padding=\u00bb0px|||||\u00bb][et_pb_column type=\u00bb1_2&#8243; _builder_version=\u00bb4.4.8&#8243;][et_pb_image src=\u00bbhttps:\/\/www.safetyandsecurity.cl\/land\/wp-content\/uploads\/2021\/06\/LOGOS_TODOS-07.png\u00bb title_text=\u00bbLOGOS_TODOS-07&#8243; _builder_version=\u00bb4.4.8&#8243;][\/et_pb_image][et_pb_image src=\u00bbhttps:\/\/www.safetyandsecurity.cl\/land\/wp-content\/uploads\/2020\/06\/img2.jpg\u00bb title_text=\u00bbimg2&#8243; _builder_version=\u00bb4.4.8&#8243;][\/et_pb_image][\/et_pb_column][et_pb_column type=\u00bb1_2&#8243; _builder_version=\u00bb4.4.8&#8243;][et_pb_text _builder_version=\u00bb4.4.8&#8243; custom_margin=\u00bb||9px|||\u00bb]<\/p>\n<h3><strong>\u00bfQui\u00e9nes Somos?<\/strong><\/h3>\n<p>[\/et_pb_text][et_pb_text _builder_version=\u00bb4.4.8&#8243;]<\/p>\n<p><strong>Safety and Security Group<\/strong>, es una firma ubicada en Vi\u00f1a del Mar Chile, con m\u00e1s de 10 a\u00f1os apoyando la cadena log\u00edstica del comercio internacional mar\u00edtimo, a\u00e9reo y terrestre latinoamericano, de vasta experiencia en los \u00e1mbitos del Safety (Seguridad Industrial), del Security (Protecci\u00f3n Cadena Log\u00edstica Integral) y del Envioronmental Pollution (Protecci\u00f3n Contaminaci\u00f3n) para lo cual cuenta en su organizaci\u00f3n con tres \u00e1reas espec\u00edficas t\u00e9cnicas.<\/p>\n<p>[\/et_pb_text][et_pb_text _builder_version=\u00bb4.4.8&#8243;]<\/p>\n<h3><strong>Misi\u00f3n<\/strong><\/h3>\n<p>[\/et_pb_text][et_pb_text _builder_version=\u00bb4.4.8&#8243; custom_margin=\u00bb-25px|||||\u00bb]<\/p>\n<p>Satisfacer integralmente las necesidades de toda empresa que participa en la cadena log\u00edstica del comercio internacional realizado por cualquier modo de transporte, objeto cumplir sus metas, la de sus clientes y accionistas.<\/p>\n<p>[\/et_pb_text][et_pb_text _builder_version=\u00bb4.4.8&#8243; custom_margin=\u00bb||-3px|||\u00bb]<\/p>\n<h3><strong>Visi\u00f3n<\/strong><\/h3>\n<p>[\/et_pb_text][et_pb_text _builder_version=\u00bb4.4.8&#8243; custom_padding=\u00bb0px|||||\u00bb]<\/p>\n<p>Llegar a estar entre las firmas m\u00e1s importantes de latinoam\u00e9rica como prestadora de servicios a las empresas y agentes econ\u00f3micos que participan en la cadena log\u00edstica del comercio internacional realizado por la v\u00eda mar\u00edtima, a\u00e9rea y terrestre.<\/p>\n<p>[\/et_pb_text][et_pb_text _builder_version=\u00bb4.4.8&#8243; custom_margin=\u00bb||-2px|||\u00bb]<\/p>\n<h3><strong>Valores<\/strong><\/h3>\n<p>[\/et_pb_text][et_pb_text _builder_version=\u00bb4.4.8&#8243;]<\/p>\n<p>Comprometidos con los valores \u00e9ticos que r\u00edgen a la actividad y la de nuestros colaboradores.<\/p>\n<p>[\/et_pb_text][\/et_pb_column][\/et_pb_row][\/et_pb_section]<\/p>\n","protected":false},"excerpt":{"rendered":"<p>[et_pb_section fb_built=\u00bb1&#8243; _builder_version=\u00bb4.4.8&#8243; custom_padding=\u00bb50px||21px|||\u00bb][et_pb_row column_structure=\u00bb1_2,1_2&#8243; _builder_version=\u00bb4.4.8&#8243; min_height=\u00bb404.9px\u00bb custom_margin=\u00bb133px|auto||auto||\u00bb custom_padding=\u00bb0px|||||\u00bb][et_pb_column type=\u00bb1_2&#8243; _builder_version=\u00bb4.4.8&#8243;][et_pb_image src=\u00bbhttps:\/\/www.safetyandsecurity.cl\/land\/wp-content\/uploads\/2021\/06\/LOGOS_TODOS-07.png\u00bb title_text=\u00bbLOGOS_TODOS-07&#8243; _builder_version=\u00bb4.4.8&#8243;][\/et_pb_image][et_pb_image src=\u00bbhttps:\/\/www.safetyandsecurity.cl\/land\/wp-content\/uploads\/2020\/06\/img2.jpg\u00bb title_text=\u00bbimg2&#8243; _builder_version=\u00bb4.4.8&#8243;][\/et_pb_image][\/et_pb_column][et_pb_column type=\u00bb1_2&#8243; _builder_version=\u00bb4.4.8&#8243;][et_pb_text _builder_version=\u00bb4.4.8&#8243; custom_margin=\u00bb||9px|||\u00bb] \u00bfQui\u00e9nes Somos? [\/et_pb_text][et_pb_text _builder_version=\u00bb4.4.8&#8243;] Safety and Security Group, es una firma ubicada en Vi\u00f1a del Mar Chile, con m\u00e1s de 10 a\u00f1os apoyando la cadena log\u00edstica del comercio internacional mar\u00edtimo, a\u00e9reo y terrestre latinoamericano, [&hellip;]<\/p>\n","protected":false},"author":1,"featured_media":0,"parent":0,"menu_order":0,"comment_status":"closed","ping_status":"closed","template":"","meta":{"_et_pb_use_builder":"on","_et_pb_old_content":"","_et_gb_content_width":""},"_links":{"self":[{"href":"https:\/\/www.safetyandsecurity.cl\/land\/wp-json\/wp\/v2\/pages\/84"}],"collection":[{"href":"https:\/\/www.safetyandsecurity.cl\/land\/wp-json\/wp\/v2\/pages"}],"about":[{"href":"https:\/\/www.safetyandsecurity.cl\/land\/wp-json\/wp\/v2\/types\/page"}],"author":[{"embeddable":true,"href":"https:\/\/www.safetyandsecurity.cl\/land\/wp-json\/wp\/v2\/users\/1"}],"replies":[{"embeddable":true,"href":"https:\/\/www.safetyandsecurity.cl\/land\/wp-json\/wp\/v2\/comments?post=84"}],"version-history":[{"count":18,"href":"https:\/\/www.safetyandsecurity.cl\/land\/wp-json\/wp\/v2\/pages\/84\/revisions"}],"predecessor-version":[{"id":581,"href":"https:\/\/www.safetyandsecurity.cl\/land\/wp-json\/wp\/v2\/pages\/84\/revisions\/581"}],"wp:attachment":[{"href":"https:\/\/www.safetyandsecurity.cl\/land\/wp-json\/wp\/v2\/media?parent=84"}],"curies":[{"name":"wp","href":"https:\/\/api.w.org\/{rel}","templated":true}]}}